{"id":1044,"date":"2025-10-27T11:10:43","date_gmt":"2025-10-27T11:10:43","guid":{"rendered":"https:\/\/endlahostel.ee\/?page_id=1044"},"modified":"2025-10-27T11:17:40","modified_gmt":"2025-10-27T11:17:40","slug":"miks-tulla-haapsalu","status":"publish","type":"page","link":"https:\/\/endlahostel.ee\/fi\/miks-tulla-haapsalu\/","title":{"rendered":"Miksi tulla Haapsaluun?"},"content":{"rendered":"\n<style type=\"text\/css\" data-created_by=\"avia_inline_auto\" id=\"style-css-av-cqymm-87b6c8238ef23842dc977038bffc2f29\">\n.avia-section.av-cqymm-87b6c8238ef23842dc977038bffc2f29 .av-parallax .av-parallax-inner{\nbackground-repeat:no-repeat;\nbackground-image:url(https:\/\/endlahostel.ee\/wp-content\/uploads\/2024\/05\/header-1500x430.jpg);\nbackground-position:0% 0%;\nbackground-attachment:scroll;\n}\n.avia-section.av-cqymm-87b6c8238ef23842dc977038bffc2f29 .av-section-color-overlay{\nopacity:0.4;\nbackground-color:#0a0a0a;\n}\n<\/style>\n<div id='av_section_1'  class='avia-section av-cqymm-87b6c8238ef23842dc977038bffc2f29 main_color avia-section-default avia-no-shadow  avia-builder-el-0  el_before_av_section  avia-builder-el-first  avia-full-stretch av-parallax-section avia-bg-style-parallax av-section-color-overlay-active av-minimum-height av-minimum-height-custom av-height-custom  container_wrap sidebar_right'  data-section-bg-repeat='stretch' data-av_minimum_height_px='250'><div class='av-parallax' data-avia-parallax-ratio='0.3' ><div class='av-parallax-inner main_color avia-full-stretch'><\/div><\/div><div class=\"av-section-color-overlay-wrap\"><div class=\"av-section-color-overlay\"><\/div><div class='container av-section-cont-open' style='height:250px'><main  role=\"main\" itemprop=\"mainContentOfPage\"  class='template-page content  av-content-small alpha units'><div class='post-entry post-entry-type-page post-entry-1044'><div class='entry-content-wrapper clearfix'>\n\n<style type=\"text\/css\" data-created_by=\"avia_inline_auto\" id=\"style-css-av-c22sm-a62cba300e6f0ca2d9dff87bb7030370\">\n#top .av-special-heading.av-c22sm-a62cba300e6f0ca2d9dff87bb7030370{\npadding-bottom:0;\ncolor:#ffffff;\nfont-size:50px;\n}\nbody .av-special-heading.av-c22sm-a62cba300e6f0ca2d9dff87bb7030370 .av-special-heading-tag .heading-char{\nfont-size:25px;\n}\n#top #wrap_all .av-special-heading.av-c22sm-a62cba300e6f0ca2d9dff87bb7030370 .av-special-heading-tag{\nfont-size:50px;\n}\n.av-special-heading.av-c22sm-a62cba300e6f0ca2d9dff87bb7030370 .special-heading-inner-border{\nborder-color:#ffffff;\n}\n.av-special-heading.av-c22sm-a62cba300e6f0ca2d9dff87bb7030370 .av-subheading{\nfont-size:25px;\n}\n\n@media only screen and (min-width: 480px) and (max-width: 767px){ \n#top #wrap_all .av-special-heading.av-c22sm-a62cba300e6f0ca2d9dff87bb7030370 .av-special-heading-tag{\nfont-size:0.8em;\n}\n}\n\n@media only screen and (max-width: 479px){ \n#top #wrap_all .av-special-heading.av-c22sm-a62cba300e6f0ca2d9dff87bb7030370 .av-special-heading-tag{\nfont-size:0.8em;\n}\n}\n<\/style>\n<div  class='av-special-heading av-c22sm-a62cba300e6f0ca2d9dff87bb7030370 av-special-heading-h1 custom-color-heading blockquote modern-quote  avia-builder-el-1  avia-builder-el-no-sibling  av-inherit-size'><h1 class='av-special-heading-tag '  itemprop=\"headline\"  >Miksi tulla ja tutkia Haapsalua<\/h1><div class='av_custom_color av-subheading av-subheading_below'><p>Meri, historia, kulttuuri ja makuel\u00e4mykset<\/p>\n<\/div><div class=\"special-heading-border\"><div class=\"special-heading-inner-border\"><\/div><\/div><\/div>\n<\/div><\/div><\/main><!-- close content main element --><\/div><\/div><\/div><div id='av_section_2'  class='avia-section av-bl3zq-56361143364892e66e1e0ad2ea1c0114 main_color avia-section-default avia-no-shadow  avia-builder-el-2  el_after_av_section  avia-builder-el-last  avia-bg-style-scroll container_wrap sidebar_right'  ><div class='container av-section-cont-open' ><div class='template-page content  av-content-small alpha units'><div class='post-entry post-entry-type-page post-entry-1044'><div class='entry-content-wrapper clearfix'>\n<div  class='flex_column av-wq6m-c9e3904ebc4de92f069b8f4d06b95c5d av_one_full  avia-builder-el-3  avia-builder-el-no-sibling  first flex_column_div  '     ><section  class='av_textblock_section av-s6oi-4da703b9a58271f53d3cccb73fe1397d '   itemscope=\"itemscope\" itemtype=\"https:\/\/schema.org\/CreativeWork\" ><div class='avia_textblock'  itemprop=\"text\" ><p data-start=\"46\" data-end=\"202\">Haapsalu on pieni mutta lumoava kaupunki, jossa meri, historia ja kulttuuri kohtaavat kodikkaan pikkukaupungin tunnelman. Jokainen askel t\u00e4\u00e4ll\u00e4 on el\u00e4mys!<\/p>\n<ul>\n<li data-start=\"204\" data-end=\"336\"><strong data-start=\"204\" data-end=\"222\">Meri ja rannat<\/strong> \u2013 K\u00e4vele rantapromenadilla tai V\u00e4ike Viikin laiturilla ja nauti merin\u00e4k\u00f6aloista ja kauniista auringonlaskuista.<\/li>\n<li data-start=\"204\" data-end=\"336\"><strong data-start=\"338\" data-end=\"370\">Historiallinen vanhakaupunki<\/strong> \u2013 Tutustu kapeisiin kaduihin, historiallisiin puutaloihin ja Haapsalun piispanlinnan salaisuuksiin.<\/li>\n<li data-start=\"204\" data-end=\"336\"><strong data-start=\"474\" data-end=\"497\">Kulttuuri ja museot<\/strong> \u2013 Vieraile Kuursaalissa, Rautatiemuseossa, L\u00e4\u00e4nemaan museossa, Iloni Imedemaassa tai Evald Okasin museossa. Seikkailunhaluisille tarjoaa j\u00e4nnityst\u00e4 Haapsalun seikkailurata, jossa voi nauttia luonnon el\u00e4myksist\u00e4 ja aktiivisesta tekemisest\u00e4.<\/li>\n<li data-start=\"204\" data-end=\"336\"><strong data-start=\"741\" data-end=\"769\">Kylpyl\u00e4 ja rentoutuminen<\/strong> \u2013 Nauti rentouttavista hoidoista paikallisissa kylpyl\u00f6iss\u00e4 ja hyvinvointikeskuksissa.<\/li>\n<li data-start=\"204\" data-end=\"336\"><strong data-start=\"859\" data-end=\"878\">Ruokakokemukset<\/strong> \u2013 Haapsalun ravintolat ja kahvilat tarjoavat herkullisia paikallisia ruokia, tuoreita merenel\u00e4vi\u00e4 ja yst\u00e4v\u00e4llist\u00e4 palvelua.<\/li>\n<li data-start=\"204\" data-end=\"336\"><strong data-start=\"1006\" data-end=\"1035\">Festivaalit ja tapahtumat<\/strong> \u2013 Musiikki-, k\u00e4sity\u00f6- ja ruokafestivaalit tuovat v\u00e4ri\u00e4 ja el\u00e4m\u00e4\u00e4 kaupunkiin ymp\u00e4ri vuoden.<\/li>\n<\/ul>\n<p data-start=\"1130\" data-end=\"1354\">Haapsalu on t\u00e4ydellinen kohde niille, jotka haluavat rentoutua, tutkia ja nauttia el\u00e4m\u00e4st\u00e4 rauhalliseen tahtiin. Tule ja koe kaupungin ainutlaatuinen vieh\u00e4tys \u2013 <strong>meri, historia, kulttuuri ja ruokakokemukset odottavat sinua!<\/strong><\/p>\n<\/div><\/section><\/div>\n<\/div><\/div><\/div><!-- close content main div --><\/div><\/div><div id='after_section_2'  class='main_color av_default_container_wrap container_wrap sidebar_right'  ><div class='container av-section-cont-open' ><div class='template-page content  av-content-small alpha units'><div class='post-entry post-entry-type-page post-entry-1044'><div class='entry-content-wrapper clearfix'><\/p>\n","protected":false},"excerpt":{"rendered":"","protected":false},"author":1,"featured_media":0,"parent":0,"menu_order":0,"comment_status":"closed","ping_status":"closed","template":"","meta":{"footnotes":""},"class_list":["post-1044","page","type-page","status-publish","hentry"],"yoast_head":"<!-- This site is optimized with the Yoast SEO plugin v27.4 - https:\/\/yoast.com\/product\/yoast-seo-wordpress\/ -->\n<title>Miksi tulla Haapsaluun? - Endla Hostel ja Apartmendid<\/title>\n<meta name=\"robots\" content=\"index, follow, max-snippet:-1, max-image-preview:large, max-video-preview:-1\" \/>\n<link rel=\"canonical\" href=\"https:\/\/endlahostel.ee\/fi\/miks-tulla-haapsalu\/\" \/>\n<meta property=\"og:locale\" content=\"fi_FI\" \/>\n<meta property=\"og:type\" content=\"article\" \/>\n<meta property=\"og:title\" content=\"Miksi tulla Haapsaluun? - Endla Hostel ja Apartmendid\" \/>\n<meta property=\"og:url\" content=\"https:\/\/endlahostel.ee\/fi\/miks-tulla-haapsalu\/\" \/>\n<meta property=\"og:site_name\" content=\"Endla Hostel ja Apartmendid\" \/>\n<meta property=\"article:modified_time\" content=\"2025-10-27T11:17:40+00:00\" \/>\n<meta name=\"twitter:card\" content=\"summary_large_image\" \/>\n<meta name=\"twitter:label1\" content=\"Arvioitu lukuaika\" \/>\n\t<meta name=\"twitter:data1\" content=\"1 minuutti\" \/>\n<script type=\"application\/ld+json\" class=\"yoast-schema-graph\">{\"@context\":\"https:\\\/\\\/schema.org\",\"@graph\":[{\"@type\":\"WebPage\",\"@id\":\"https:\\\/\\\/endlahostel.ee\\\/fi\\\/miks-tulla-haapsalu\\\/\",\"url\":\"https:\\\/\\\/endlahostel.ee\\\/fi\\\/miks-tulla-haapsalu\\\/\",\"name\":\"Miksi tulla Haapsaluun? - Endla Hostel ja Apartmendid\",\"isPartOf\":{\"@id\":\"https:\\\/\\\/endlahostel.ee\\\/#website\"},\"datePublished\":\"2025-10-27T11:10:43+00:00\",\"dateModified\":\"2025-10-27T11:17:40+00:00\",\"breadcrumb\":{\"@id\":\"https:\\\/\\\/endlahostel.ee\\\/fi\\\/miks-tulla-haapsalu\\\/#breadcrumb\"},\"inLanguage\":\"fi\",\"potentialAction\":[{\"@type\":\"ReadAction\",\"target\":[\"https:\\\/\\\/endlahostel.ee\\\/fi\\\/miks-tulla-haapsalu\\\/\"]}]},{\"@type\":\"BreadcrumbList\",\"@id\":\"https:\\\/\\\/endlahostel.ee\\\/fi\\\/miks-tulla-haapsalu\\\/#breadcrumb\",\"itemListElement\":[{\"@type\":\"ListItem\",\"position\":1,\"name\":\"Home\",\"item\":\"https:\\\/\\\/endlahostel.ee\\\/fi\\\/etusivu\\\/\"},{\"@type\":\"ListItem\",\"position\":2,\"name\":\"Miksi tulla Haapsaluun?\"}]},{\"@type\":\"WebSite\",\"@id\":\"https:\\\/\\\/endlahostel.ee\\\/#website\",\"url\":\"https:\\\/\\\/endlahostel.ee\\\/\",\"name\":\"Endla Hostel ja Apartmendid\",\"description\":\"\",\"potentialAction\":[{\"@type\":\"SearchAction\",\"target\":{\"@type\":\"EntryPoint\",\"urlTemplate\":\"https:\\\/\\\/endlahostel.ee\\\/?s={search_term_string}\"},\"query-input\":{\"@type\":\"PropertyValueSpecification\",\"valueRequired\":true,\"valueName\":\"search_term_string\"}}],\"inLanguage\":\"fi\"}]}<\/script>\n<!-- \/ Yoast SEO plugin. -->","yoast_head_json":{"title":"Miksi tulla Haapsaluun? - Endla Hostel ja Apartmendid","robots":{"index":"index","follow":"follow","max-snippet":"max-snippet:-1","max-image-preview":"max-image-preview:large","max-video-preview":"max-video-preview:-1"},"canonical":"https:\/\/endlahostel.ee\/fi\/miks-tulla-haapsalu\/","og_locale":"fi_FI","og_type":"article","og_title":"Miksi tulla Haapsaluun? - Endla Hostel ja Apartmendid","og_url":"https:\/\/endlahostel.ee\/fi\/miks-tulla-haapsalu\/","og_site_name":"Endla Hostel ja Apartmendid","article_modified_time":"2025-10-27T11:17:40+00:00","twitter_card":"summary_large_image","twitter_misc":{"Arvioitu lukuaika":"1 minuutti"},"schema":{"@context":"https:\/\/schema.org","@graph":[{"@type":"WebPage","@id":"https:\/\/endlahostel.ee\/fi\/miks-tulla-haapsalu\/","url":"https:\/\/endlahostel.ee\/fi\/miks-tulla-haapsalu\/","name":"Miksi tulla Haapsaluun? - Endla Hostel ja Apartmendid","isPartOf":{"@id":"https:\/\/endlahostel.ee\/#website"},"datePublished":"2025-10-27T11:10:43+00:00","dateModified":"2025-10-27T11:17:40+00:00","breadcrumb":{"@id":"https:\/\/endlahostel.ee\/fi\/miks-tulla-haapsalu\/#breadcrumb"},"inLanguage":"fi","potentialAction":[{"@type":"ReadAction","target":["https:\/\/endlahostel.ee\/fi\/miks-tulla-haapsalu\/"]}]},{"@type":"BreadcrumbList","@id":"https:\/\/endlahostel.ee\/fi\/miks-tulla-haapsalu\/#breadcrumb","itemListElement":[{"@type":"ListItem","position":1,"name":"Home","item":"https:\/\/endlahostel.ee\/fi\/etusivu\/"},{"@type":"ListItem","position":2,"name":"Miksi tulla Haapsaluun?"}]},{"@type":"WebSite","@id":"https:\/\/endlahostel.ee\/#website","url":"https:\/\/endlahostel.ee\/","name":"Endla Hostel ja Apartmendid","description":"","potentialAction":[{"@type":"SearchAction","target":{"@type":"EntryPoint","urlTemplate":"https:\/\/endlahostel.ee\/?s={search_term_string}"},"query-input":{"@type":"PropertyValueSpecification","valueRequired":true,"valueName":"search_term_string"}}],"inLanguage":"fi"}]}},"_links":{"self":[{"href":"https:\/\/endlahostel.ee\/fi\/wp-json\/wp\/v2\/pages\/1044","targetHints":{"allow":["GET"]}}],"collection":[{"href":"https:\/\/endlahostel.ee\/fi\/wp-json\/wp\/v2\/pages"}],"about":[{"href":"https:\/\/endlahostel.ee\/fi\/wp-json\/wp\/v2\/types\/page"}],"author":[{"embeddable":true,"href":"https:\/\/endlahostel.ee\/fi\/wp-json\/wp\/v2\/users\/1"}],"replies":[{"embeddable":true,"href":"https:\/\/endlahostel.ee\/fi\/wp-json\/wp\/v2\/comments?post=1044"}],"version-history":[{"count":6,"href":"https:\/\/endlahostel.ee\/fi\/wp-json\/wp\/v2\/pages\/1044\/revisions"}],"predecessor-version":[{"id":1146,"href":"https:\/\/endlahostel.ee\/fi\/wp-json\/wp\/v2\/pages\/1044\/revisions\/1146"}],"wp:attachment":[{"href":"https:\/\/endlahostel.ee\/fi\/wp-json\/wp\/v2\/media?parent=1044"}],"curies":[{"name":"wp","href":"https:\/\/api.w.org\/{rel}","templated":true}]}}