{"id":987,"date":"2025-10-29T07:24:57","date_gmt":"2025-10-29T07:24:57","guid":{"rendered":"https:\/\/endlahostel.ee\/?page_id=987"},"modified":"2025-11-04T10:25:33","modified_gmt":"2025-11-04T10:25:33","slug":"__trashed","status":"publish","type":"page","link":"https:\/\/endlahostel.ee\/fi\/__trashed\/","title":{"rendered":"Etusivu"},"content":{"rendered":"<div id='full_slider_1'  class='avia-fullwidth-slider main_color avia-shadow   avia-builder-el-0  el_before_av_section  avia-builder-el-first   container_wrap sidebar_right'  >\n<style type=\"text\/css\" data-created_by=\"avia_inline_auto\" id=\"style-css-av-lwrrdkzz-8b5635b23504e39518b9f0ae5f878672\">\n#top #wrap_all .avia-slideshow .av-slideshow-caption.av-lwrrdkzz-8b5635b23504e39518b9f0ae5f878672__0 .avia-caption-title{\ncolor:#ffffff;\n}\n#top .avia-slideshow .av-slideshow-caption.av-lwrrdkzz-8b5635b23504e39518b9f0ae5f878672__0 .avia-caption-content{\ncolor:#ffffff;\n}\n<\/style>\n<div  class='avia-slideshow av-lwrrdkzz-8b5635b23504e39518b9f0ae5f878672 avia-slideshow-featured av_slideshow_full avia-fade-slider av-slideshow-ui av-control-default av-no-slider-navigation av-slideshow-autoplay av-loop-endless av-loop-manual-endless av-default-height-applied   avia-slideshow-1' data-slideshow-options=\"{&quot;animation&quot;:&quot;fade&quot;,&quot;autoplay&quot;:true,&quot;loop_autoplay&quot;:&quot;endless&quot;,&quot;interval&quot;:5,&quot;loop_manual&quot;:&quot;manual-endless&quot;,&quot;autoplay_stopper&quot;:false,&quot;noNavigation&quot;:false,&quot;bg_slider&quot;:false,&quot;keep_padding&quot;:false,&quot;hoverpause&quot;:false,&quot;show_slide_delay&quot;:0}\"  itemprop=\"image\" itemscope=\"itemscope\" itemtype=\"https:\/\/schema.org\/ImageObject\" ><ul class='avia-slideshow-inner ' style='padding-bottom: 28.666666666667%;'><li  class='avia-slideshow-slide av-lwrrdkzz-8b5635b23504e39518b9f0ae5f878672__0  av-single-slide slide-1 slide-odd'><div data-rel='slideshow-1' class='avia-slide-wrap '   ><img decoding=\"async\" fetchpriority=\"high\" class=\"wp-image-511 avia-img-lazy-loading-not-511\"  src=\"https:\/\/endlahostel.ee\/wp-content\/uploads\/2024\/05\/header-1500x430.jpg\" width=\"1500\" height=\"430\" title='header' alt=''  itemprop=\"thumbnailUrl\"   \/><div class='av-section-color-overlay' style='opacity: 0.3; background-color: #0a0a0a; '><\/div><\/div><\/li><\/ul><div class='av-slideshow-caption av-lwrrdkzz-8b5635b23504e39518b9f0ae5f878672__0 caption_fullwidth caption_center'><div class=\"container caption_container\"><div class=\"slideshow_caption\"><div class=\"slideshow_inner_caption\"><div class=\"slideshow_align_caption\"><h2 class='avia-caption-title '  itemprop=\"name\" >HOSTELI JA ASUNNOT \u2013 MUKAVA MAJOITUS HAAPSALUN SYD\u00c4MESS\u00c4!<\/h2><div class='avia-caption-content av_inherit_color'  itemprop=\"description\" ><p>Tervetuloa Haapsaluun, miss\u00e4 meri, vanhakaupunki ja viihtyis\u00e4 ilmapiiri ovat vain muutaman askeleen p\u00e4\u00e4ss\u00e4. Meill\u00e4 voit rentoutua, nauttia yst\u00e4v\u00e4llisest\u00e4 tunnelmasta ja keskeisest\u00e4 sijainnista kaupungin syd\u00e4mess\u00e4.<\/p>\n<\/div><\/div><\/div><\/div><\/div><\/div><\/div><\/div>\n<div id='av_section_1'  class='avia-section av-jgbp6-efea20d79c3073ee6290684b7f289099 main_color avia-section-small avia-no-border-styling  avia-builder-el-1  el_after_av_slideshow_full  avia-builder-el-last  avia-bg-style-scroll container_wrap sidebar_right'  ><div class='container av-section-cont-open' ><div class='template-page content  av-content-small alpha units'><div class='post-entry post-entry-type-page post-entry-987'><div class='entry-content-wrapper clearfix'>\n<div class='flex_column_table av-4d3yh6-20f9e13b4bc3140942e9836166594bc7 sc-av_one_half av-equal-height-column-flextable'>\n<style type=\"text\/css\" data-created_by=\"avia_inline_auto\" id=\"style-css-av-4d3yh6-20f9e13b4bc3140942e9836166594bc7\">\n#top .flex_column_table.av-equal-height-column-flextable.av-4d3yh6-20f9e13b4bc3140942e9836166594bc7{\nmargin-top:-200px;\nmargin-bottom:0px;\n}\n.flex_column.av-4d3yh6-20f9e13b4bc3140942e9836166594bc7{\npadding:50px 20px 50px 20px;\n}\n<\/style>\n<div  class='flex_column av-4d3yh6-20f9e13b4bc3140942e9836166594bc7 av_one_half  avia-builder-el-2  el_before_av_one_half  avia-builder-el-first  first flex_column_table_cell av-equal-height-column av-align-top avia-full-stretch  '     ><p>\n<style type=\"text\/css\" data-created_by=\"avia_inline_auto\" id=\"style-css-av-lwrsj8y4-c03d7380bb0b68d7fab3f2931871aa69\">\n.avia-image-container.av-lwrsj8y4-c03d7380bb0b68d7fab3f2931871aa69 img.avia_image{\nbox-shadow:none;\n}\n.avia-image-container.av-lwrsj8y4-c03d7380bb0b68d7fab3f2931871aa69 .av-image-caption-overlay-center{\ncolor:#ffffff;\n}\n<\/style>\n<div  class='avia-image-container av-lwrsj8y4-c03d7380bb0b68d7fab3f2931871aa69 av-styling- avia-align-center  avia-builder-el-3  el_before_av_button  avia-builder-el-first '   itemprop=\"image\" itemscope=\"itemscope\" itemtype=\"https:\/\/schema.org\/ImageObject\" ><div class=\"avia-image-container-inner\"><div class=\"avia-image-overlay-wrap\"><img decoding=\"async\" fetchpriority=\"high\" class='wp-image-930 avia-img-lazy-loading-not-930 avia_image ' src=\"https:\/\/endlahostel.ee\/wp-content\/uploads\/2025\/10\/IMG_0807-495x400.jpeg\" alt='Endla Hostel ja Apartamendid' title='Kahden hengen huone, jossa on kaksi erillist\u00e4 vuodetta'  height=\"400\" width=\"495\"  itemprop=\"thumbnailUrl\" srcset=\"https:\/\/endlahostel.ee\/wp-content\/uploads\/2025\/10\/IMG_0807-495x400.jpeg 495w, https:\/\/endlahostel.ee\/wp-content\/uploads\/2025\/10\/IMG_0807-845x684.jpeg 845w\" sizes=\"(max-width: 495px) 100vw, 495px\" \/><\/div><\/div><\/div><br \/>\n<div  class='avia-button-wrap av-mhkf5dq1-04eb928ef6ce927bb2f6bce73b033447-wrap avia-button-center  avia-builder-el-4  el_after_av_image  el_before_av_textblock '><a href=''  class='avia-button av-mhkf5dq1-04eb928ef6ce927bb2f6bce73b033447 av-link-btn avia-icon_select-yes-left-icon avia-size-large avia-position-center avia-color-theme-color'   aria-label=\"HOSTELLI\"><span class='avia_button_icon avia_button_icon_left' aria-hidden='true' data-av_icon='\ue80e' data-av_iconfont='entypo-fontello'><\/span><span class='avia_iconbox_title' >HOSTELLI<\/span><\/a><\/div><br \/>\n<section  class='av_textblock_section av-41iove-b1cc5480e1f88e8453b490abb84edc3f '   itemscope=\"itemscope\" itemtype=\"https:\/\/schema.org\/CreativeWork\" ><div class='avia_textblock'  itemprop=\"text\" ><p style=\"text-align: center;\">Sopii erinomaisesti niille, jotka arvostavat yksinkertaista mukavuutta ja hyv\u00e4\u00e4 hintaa. Tarjoamme yhden, kahden ja nelj\u00e4n hengen huoneita. Vierailla on k\u00e4ytett\u00e4viss\u00e4\u00e4n <strong>yhteiskeitti\u00f6 sek\u00e4 yhteiset suihku- ja wc-tilat.<\/strong><\/p>\n<\/div><\/section><\/p><\/div><div class='av-flex-placeholder'><\/div>\n<style type=\"text\/css\" data-created_by=\"avia_inline_auto\" id=\"style-css-av-lwrsdnvm-81d032007d1a47cb9d32021b29d109a0\">\n#top .flex_column_table.av-equal-height-column-flextable.av-lwrsdnvm-81d032007d1a47cb9d32021b29d109a0{\nmargin-top:-200px;\nmargin-bottom:0px;\n}\n.flex_column.av-lwrsdnvm-81d032007d1a47cb9d32021b29d109a0{\npadding:50px 20px 50px 20px;\n}\n<\/style>\n<div  class='flex_column av-lwrsdnvm-81d032007d1a47cb9d32021b29d109a0 av_one_half  avia-builder-el-6  el_after_av_one_half  el_before_av_textblock  flex_column_table_cell av-equal-height-column av-align-top avia-full-stretch  '     ><p>\n<style type=\"text\/css\" data-created_by=\"avia_inline_auto\" id=\"style-css-av-lwrsiqw4-8b10a9364a2142fc15985d482df24330\">\n.avia-image-container.av-lwrsiqw4-8b10a9364a2142fc15985d482df24330 img.avia_image{\nbox-shadow:none;\n}\n.avia-image-container.av-lwrsiqw4-8b10a9364a2142fc15985d482df24330 .av-image-caption-overlay-center{\ncolor:#ffffff;\n}\n<\/style>\n<div  class='avia-image-container av-lwrsiqw4-8b10a9364a2142fc15985d482df24330 av-styling- avia-align-center  avia-builder-el-7  el_before_av_button  avia-builder-el-first '   itemprop=\"image\" itemscope=\"itemscope\" itemtype=\"https:\/\/schema.org\/ImageObject\" ><div class=\"avia-image-container-inner\"><div class=\"avia-image-overlay-wrap\"><img decoding=\"async\" fetchpriority=\"high\" class='wp-image-822 avia-img-lazy-loading-not-822 avia_image ' src=\"https:\/\/endlahostel.ee\/wp-content\/uploads\/2025\/06\/IMG_0800-495x400.jpeg\" alt='Endla hostel ja apartamendid' title='Vihre\u00e4n talon studiohuoneisto'  height=\"400\" width=\"495\"  itemprop=\"thumbnailUrl\" srcset=\"https:\/\/endlahostel.ee\/wp-content\/uploads\/2025\/06\/IMG_0800-495x400.jpeg 495w, https:\/\/endlahostel.ee\/wp-content\/uploads\/2025\/06\/IMG_0800-845x684.jpeg 845w\" sizes=\"(max-width: 495px) 100vw, 495px\" \/><\/div><\/div><\/div><br \/>\n<div  class='avia-button-wrap av-mhkf6k92-8a9b3d35699902a832c6c26387920d67-wrap avia-button-center  avia-builder-el-8  el_after_av_image  el_before_av_textblock '><a href=''  class='avia-button av-mhkf6k92-8a9b3d35699902a832c6c26387920d67 av-link-btn avia-icon_select-yes-left-icon avia-size-large avia-position-center avia-color-theme-color'   aria-label=\"VIERASASUNTOJA\"><span class='avia_button_icon avia_button_icon_left' aria-hidden='true' data-av_icon='\ue80e' data-av_iconfont='entypo-fontello'><\/span><span class='avia_iconbox_title' >VIERASASUNTOJA<\/span><\/a><\/div><br \/>\n<section  class='av_textblock_section av-lwrscqtw-1f375ddb0b4c4213abb20432a072ca00 '   itemscope=\"itemscope\" itemtype=\"https:\/\/schema.org\/CreativeWork\" ><div class='avia_textblock'  itemprop=\"text\" ><p style=\"text-align: center;\" data-start=\"15\" data-end=\"214\">Sopivat niille, jotka arvostavat enemm\u00e4n yksityisyytt\u00e4 ja kodinomaista mukavuutta. Jokaisessa asunnossa on oma sis\u00e4\u00e4nk\u00e4ynti, keittosyvennys, suihku ja WC, ja joissakin my\u00f6s vuodesohva lis\u00e4vuoteena.<\/p>\n<p style=\"text-align: center;\" data-start=\"216\" data-end=\"286\" data-is-last-node=\"\" data-is-only-node=\"\">Perheille tarjoamme<strong> tilavan perhehuoneen enint\u00e4\u00e4n viidelle henkil\u00f6lle.<\/strong><\/p>\n<\/div><\/section><\/p><\/div><\/div><!--close column table wrapper. Autoclose: 1 --><section  class='av_textblock_section av-mhkf7ik8-630d73c48c6bcc9857b7242a1884e250 '   itemscope=\"itemscope\" itemtype=\"https:\/\/schema.org\/CreativeWork\" ><div class='avia_textblock'  itemprop=\"text\" ><p style=\"text-align: center;\" data-start=\"0\" data-end=\"133\">Vieraille on k\u00e4ytett\u00e4viss\u00e4 <strong>ilmainen pys\u00e4k\u00f6inti ja nopea WiFi<\/strong>, jotta pysyt helposti yhteydess\u00e4 niin ty\u00f6n kuin vapaa-ajankin parissa.<\/p>\n<p style=\"text-align: center;\" data-start=\"135\" data-end=\"334\">Kaikki on l\u00e4hell\u00e4 \u2013 <strong>V\u00e4ike viik, vanhakaupunki, piispanlinna, rantak\u00e4velytie ja Kuursaal, sek\u00e4 useita mielenkiintoisia museoita<\/strong>: Rautatiemuseo, L\u00e4\u00e4nemaan museo, Ilonin Ihmemaa ja Evald Okasen museo.<\/p>\n<p style=\"text-align: center;\" data-start=\"336\" data-end=\"386\">Tule rentoutumaan ja tuntemaan olosi kotoisaksi!<\/p>\n<p style=\"text-align: center;\" data-start=\"388\" data-end=\"460\" data-is-last-node=\"\" data-is-only-node=\"\"><strong>Endla Hostel ja Vieraskodit toivottavat sinut l\u00e4mpim\u00e4sti tervetulleeksi!<\/strong><\/p>\n<\/div><\/section>\n<\/div><\/div><\/div><!-- close content main div --><\/div><\/div><div id='after_section_1'  class='main_color av_default_container_wrap container_wrap sidebar_right'  ><div class='container av-section-cont-open' ><div class='template-page content  av-content-small alpha units'><div class='post-entry post-entry-type-page post-entry-987'><div class='entry-content-wrapper clearfix'>\n","protected":false},"excerpt":{"rendered":"","protected":false},"author":2,"featured_media":0,"parent":0,"menu_order":0,"comment_status":"closed","ping_status":"closed","template":"","meta":{"footnotes":""},"class_list":["post-987","page","type-page","status-publish","hentry"],"yoast_head":"<!-- This site is optimized with the Yoast SEO plugin v27.4 - https:\/\/yoast.com\/product\/yoast-seo-wordpress\/ -->\n<title>Etusivu - Endla Hostel ja Apartmendid<\/title>\n<meta name=\"robots\" content=\"index, follow, max-snippet:-1, max-image-preview:large, max-video-preview:-1\" \/>\n<link rel=\"canonical\" href=\"https:\/\/endlahostel.ee\/fi\/__trashed\/\" \/>\n<meta property=\"og:locale\" content=\"fi_FI\" \/>\n<meta property=\"og:type\" content=\"article\" \/>\n<meta property=\"og:title\" content=\"Etusivu - Endla Hostel ja Apartmendid\" \/>\n<meta property=\"og:url\" content=\"https:\/\/endlahostel.ee\/fi\/__trashed\/\" \/>\n<meta property=\"og:site_name\" content=\"Endla Hostel ja Apartmendid\" \/>\n<meta property=\"article:modified_time\" content=\"2025-11-04T10:25:33+00:00\" \/>\n<meta name=\"twitter:card\" content=\"summary_large_image\" \/>\n<meta name=\"twitter:label1\" content=\"Arvioitu lukuaika\" \/>\n\t<meta name=\"twitter:data1\" content=\"2 minuuttia\" \/>\n<script type=\"application\/ld+json\" class=\"yoast-schema-graph\">{\"@context\":\"https:\\\/\\\/schema.org\",\"@graph\":[{\"@type\":\"WebPage\",\"@id\":\"https:\\\/\\\/endlahostel.ee\\\/fi\\\/__trashed\\\/\",\"url\":\"https:\\\/\\\/endlahostel.ee\\\/fi\\\/__trashed\\\/\",\"name\":\"Etusivu - Endla Hostel ja Apartmendid\",\"isPartOf\":{\"@id\":\"https:\\\/\\\/endlahostel.ee\\\/#website\"},\"datePublished\":\"2025-10-29T07:24:57+00:00\",\"dateModified\":\"2025-11-04T10:25:33+00:00\",\"breadcrumb\":{\"@id\":\"https:\\\/\\\/endlahostel.ee\\\/fi\\\/__trashed\\\/#breadcrumb\"},\"inLanguage\":\"fi\",\"potentialAction\":[{\"@type\":\"ReadAction\",\"target\":[\"https:\\\/\\\/endlahostel.ee\\\/fi\\\/__trashed\\\/\"]}]},{\"@type\":\"BreadcrumbList\",\"@id\":\"https:\\\/\\\/endlahostel.ee\\\/fi\\\/__trashed\\\/#breadcrumb\",\"itemListElement\":[{\"@type\":\"ListItem\",\"position\":1,\"name\":\"Home\",\"item\":\"https:\\\/\\\/endlahostel.ee\\\/fi\\\/etusivu\\\/\"},{\"@type\":\"ListItem\",\"position\":2,\"name\":\"Etusivu\"}]},{\"@type\":\"WebSite\",\"@id\":\"https:\\\/\\\/endlahostel.ee\\\/#website\",\"url\":\"https:\\\/\\\/endlahostel.ee\\\/\",\"name\":\"Endla Hostel ja Apartmendid\",\"description\":\"\",\"potentialAction\":[{\"@type\":\"SearchAction\",\"target\":{\"@type\":\"EntryPoint\",\"urlTemplate\":\"https:\\\/\\\/endlahostel.ee\\\/?s={search_term_string}\"},\"query-input\":{\"@type\":\"PropertyValueSpecification\",\"valueRequired\":true,\"valueName\":\"search_term_string\"}}],\"inLanguage\":\"fi\"}]}<\/script>\n<!-- \/ Yoast SEO plugin. -->","yoast_head_json":{"title":"Etusivu - Endla Hostel ja Apartmendid","robots":{"index":"index","follow":"follow","max-snippet":"max-snippet:-1","max-image-preview":"max-image-preview:large","max-video-preview":"max-video-preview:-1"},"canonical":"https:\/\/endlahostel.ee\/fi\/__trashed\/","og_locale":"fi_FI","og_type":"article","og_title":"Etusivu - Endla Hostel ja Apartmendid","og_url":"https:\/\/endlahostel.ee\/fi\/__trashed\/","og_site_name":"Endla Hostel ja Apartmendid","article_modified_time":"2025-11-04T10:25:33+00:00","twitter_card":"summary_large_image","twitter_misc":{"Arvioitu lukuaika":"2 minuuttia"},"schema":{"@context":"https:\/\/schema.org","@graph":[{"@type":"WebPage","@id":"https:\/\/endlahostel.ee\/fi\/__trashed\/","url":"https:\/\/endlahostel.ee\/fi\/__trashed\/","name":"Etusivu - Endla Hostel ja Apartmendid","isPartOf":{"@id":"https:\/\/endlahostel.ee\/#website"},"datePublished":"2025-10-29T07:24:57+00:00","dateModified":"2025-11-04T10:25:33+00:00","breadcrumb":{"@id":"https:\/\/endlahostel.ee\/fi\/__trashed\/#breadcrumb"},"inLanguage":"fi","potentialAction":[{"@type":"ReadAction","target":["https:\/\/endlahostel.ee\/fi\/__trashed\/"]}]},{"@type":"BreadcrumbList","@id":"https:\/\/endlahostel.ee\/fi\/__trashed\/#breadcrumb","itemListElement":[{"@type":"ListItem","position":1,"name":"Home","item":"https:\/\/endlahostel.ee\/fi\/etusivu\/"},{"@type":"ListItem","position":2,"name":"Etusivu"}]},{"@type":"WebSite","@id":"https:\/\/endlahostel.ee\/#website","url":"https:\/\/endlahostel.ee\/","name":"Endla Hostel ja Apartmendid","description":"","potentialAction":[{"@type":"SearchAction","target":{"@type":"EntryPoint","urlTemplate":"https:\/\/endlahostel.ee\/?s={search_term_string}"},"query-input":{"@type":"PropertyValueSpecification","valueRequired":true,"valueName":"search_term_string"}}],"inLanguage":"fi"}]}},"_links":{"self":[{"href":"https:\/\/endlahostel.ee\/fi\/wp-json\/wp\/v2\/pages\/987","targetHints":{"allow":["GET"]}}],"collection":[{"href":"https:\/\/endlahostel.ee\/fi\/wp-json\/wp\/v2\/pages"}],"about":[{"href":"https:\/\/endlahostel.ee\/fi\/wp-json\/wp\/v2\/types\/page"}],"author":[{"embeddable":true,"href":"https:\/\/endlahostel.ee\/fi\/wp-json\/wp\/v2\/users\/2"}],"replies":[{"embeddable":true,"href":"https:\/\/endlahostel.ee\/fi\/wp-json\/wp\/v2\/comments?post=987"}],"version-history":[{"count":4,"href":"https:\/\/endlahostel.ee\/fi\/wp-json\/wp\/v2\/pages\/987\/revisions"}],"predecessor-version":[{"id":1237,"href":"https:\/\/endlahostel.ee\/fi\/wp-json\/wp\/v2\/pages\/987\/revisions\/1237"}],"wp:attachment":[{"href":"https:\/\/endlahostel.ee\/fi\/wp-json\/wp\/v2\/media?parent=987"}],"curies":[{"name":"wp","href":"https:\/\/api.w.org\/{rel}","templated":true}]}}